{"id":19,"date":"2012-06-24T20:28:52","date_gmt":"2012-06-24T20:28:52","guid":{"rendered":"http:\/\/cherubyn.qsig.org\/kummdg\/?page_id=19"},"modified":"2026-01-17T22:22:19","modified_gmt":"2026-01-17T20:22:19","slug":"anfahrt","status":"publish","type":"page","link":"https:\/\/www.kumm-discgolf.at\/?page_id=19","title":{"rendered":"\u00d6ffnungszeiten und Preise"},"content":{"rendered":"<h1 style=\"text-align: center;\"><span style=\"text-decoration: underline;\"><span style=\"color: #ff0000; text-decoration: underline;\">Ge\u00f6ffnet von April bis Oktober<br \/>\n<\/span><\/span><span style=\"text-decoration: underline;\"><span style=\"color: #ff0000; text-decoration: underline;\">Freitag bis Sonntag und an Feiertagen von 9:00 bis 17:00 Uhr<\/span><\/span><\/h1>\n<h1 style=\"text-align: center;\">\u00a0<strong>Preise:<br \/>\n<\/strong><strong>Tagesgeb\u00fchr<\/strong> f\u00fcr Parcoursben\u00fctzung \u20ac 10,00<br \/>\ninkl. Leihscheibe\u00a0 \u20ac\u00a0 12,00.<br \/>\n<strong>Sch\u00fcler<\/strong> bis 16 Jahre\u00a0\u20ac 5,00.<br \/>\n<strong>Gruppentarif<\/strong> (ab 5 Personen) Parcours + Leihscheibe\u00a0\u00a0 \u00a0\u20ac\u00a0 10,00 pro Person.<br \/>\nDer \u00dcbungsparcours ist kostenlos ben\u00fctzbar.<\/h1>\n<p><strong>Adresse:<br \/>\n<\/strong>Kumm Disc-Golf, Charly und Gaby Buchberger<br \/>\n<a title=\"Routenplaner auf Google Maps\" href=\"https:\/\/maps.google.at\/maps\/ms?msid=206723381940661863365.0004a86a98efe1f44798e&amp;msa=0&amp;iwloc=0004a86aa2de031a00b64\" target=\"_blank\" rel=\"noopener noreferrer\"><strong>Ober St. Thomas 11,\u00a04364\u00a0St. Thomas am Blasenstein<\/strong><\/a><\/p>\n<h1 style=\"text-align: center;\">Anfahrt:<br \/>\n<strong>Bitte nicht nach TomTom NAVI fahren !!! &#8211; falscher Weg<\/strong><\/h1>\n<h1 style=\"text-align: center;\"><strong>Google Navi ist O.K.<\/strong><\/h1>\n<p>Der Parcours befindet sich 2,5 km au\u00dferhalb von <strong><span style=\"text-decoration: underline;\">Rechberg<\/span><\/strong>,<br \/>\n<strong>Von Bad Zell oder M\u00fcnzbach kommend:<\/strong> Am Badesee Rechberg\u00a0vorbei Richtung<br \/>\nSt. Thomas der Beschilderung folgen.<br \/>\n<strong>Von St. Thomas kommend<\/strong>: Richtung Rechberg fahren und der Beschilderung folgen.<\/p>\n<h1><strong>Parcoursplan Download: <a href=\"http:\/\/www.kumm-discgolf.at\/wp-content\/uploads\/2012\/06\/Parcours_Kumm_2013_small_v3.pdf\">Parcours_Kumm_2013_small_v3<br \/>\n<\/a><\/strong><\/h1>\n<h1><strong>Kontakt:<\/strong><br \/>\nTelefon Parcours: +43 <strong>664 32 69 645<\/strong><br \/>\nTelefon 2: +43 664 30 84 787\u00a0<a href=\"tel:06643084787\"><br \/>\n<\/a>E-Mail:\u00a0<a href=\"mailto:kummdiscgolf@gmail.com\">kummdiscgolf@gmail.com<\/a><\/h1>\n<p><strong>Google Maps<\/strong> <iframe loading=\"lazy\" src=\"https:\/\/maps.google.at\/maps\/ms?ie=UTF8&amp;t=h&amp;source=embed&amp;oe=UTF8&amp;msa=0&amp;msid=206723381940661863365.0004a86a98efe1f44798e&amp;ll=48.308963,14.731724&amp;spn=0.003755,0.006539&amp;output=embed\" width=\"710\" height=\"590\" frameborder=\"0\" marginwidth=\"0\" marginheight=\"0\" scrolling=\"no\"><\/iframe><\/p>\n","protected":false},"excerpt":{"rendered":"<p>Ge\u00f6ffnet von April bis Oktober Freitag bis Sonntag und an Feiertagen von 9:00 bis 17:00 Uhr \u00a0Preise: Tagesgeb\u00fchr f\u00fcr Parcoursben\u00fctzung \u20ac 10,00 inkl. Leihscheibe\u00a0 \u20ac\u00a0 12,00. Sch\u00fcler bis 16 Jahre\u00a0\u20ac 5,00. Gruppentarif (ab 5 Personen) Parcours + Leihscheibe\u00a0\u00a0 \u00a0\u20ac\u00a0 10,00 &hellip; <a href=\"https:\/\/www.kumm-discgolf.at\/?page_id=19\">Weiterlesen <span class=\"meta-nav\">&rarr;<\/span><\/a><\/p>\n","protected":false},"author":1,"featured_media":0,"parent":0,"menu_order":3,"comment_status":"closed","ping_status":"open","template":"","meta":{"footnotes":""},"class_list":["post-19","page","type-page","status-publish","hentry"],"yoast_head":"<!-- This site is optimized with the Yoast SEO plugin v27.5 - https:\/\/yoast.com\/product\/yoast-seo-wordpress\/ -->\n<title>\u00d6ffnungszeiten und Preise - KUMM Discgolf<\/title>\n<meta name=\"robots\" content=\"index, follow, max-snippet:-1, max-image-preview:large, max-video-preview:-1\" \/>\n<link rel=\"canonical\" href=\"https:\/\/www.kumm-discgolf.at\/?page_id=19\" \/>\n<meta property=\"og:locale\" content=\"de_DE\" \/>\n<meta property=\"og:type\" content=\"article\" \/>\n<meta property=\"og:title\" content=\"\u00d6ffnungszeiten und Preise - KUMM Discgolf\" \/>\n<meta property=\"og:description\" content=\"Ge\u00f6ffnet von April bis Oktober Freitag bis Sonntag und an Feiertagen von 9:00 bis 17:00 Uhr \u00a0Preise: Tagesgeb\u00fchr f\u00fcr Parcoursben\u00fctzung \u20ac 10,00 inkl. Leihscheibe\u00a0 \u20ac\u00a0 12,00. Sch\u00fcler bis 16 Jahre\u00a0\u20ac 5,00. Gruppentarif (ab 5 Personen) Parcours + Leihscheibe\u00a0\u00a0 \u00a0\u20ac\u00a0 10,00 &hellip; Weiterlesen &rarr;\" \/>\n<meta property=\"og:url\" content=\"https:\/\/www.kumm-discgolf.at\/?page_id=19\" \/>\n<meta property=\"og:site_name\" content=\"KUMM Discgolf\" \/>\n<meta property=\"article:publisher\" content=\"https:\/\/www.facebook.com\/KummDiscgolf\/\" \/>\n<meta property=\"article:modified_time\" content=\"2026-01-17T20:22:19+00:00\" \/>\n<meta name=\"twitter:card\" content=\"summary_large_image\" \/>\n<meta name=\"twitter:label1\" content=\"Gesch\u00e4tzte Lesezeit\" \/>\n\t<meta name=\"twitter:data1\" content=\"1\u00a0Minute\" \/>\n<script type=\"application\/ld+json\" class=\"yoast-schema-graph\">{\"@context\":\"https:\\\/\\\/schema.org\",\"@graph\":[{\"@type\":\"WebPage\",\"@id\":\"https:\\\/\\\/www.kumm-discgolf.at\\\/?page_id=19\",\"url\":\"https:\\\/\\\/www.kumm-discgolf.at\\\/?page_id=19\",\"name\":\"\u00d6ffnungszeiten und Preise - KUMM Discgolf\",\"isPartOf\":{\"@id\":\"https:\\\/\\\/www.kumm-discgolf.at\\\/#website\"},\"datePublished\":\"2012-06-24T20:28:52+00:00\",\"dateModified\":\"2026-01-17T20:22:19+00:00\",\"inLanguage\":\"de\",\"potentialAction\":[{\"@type\":\"ReadAction\",\"target\":[\"https:\\\/\\\/www.kumm-discgolf.at\\\/?page_id=19\"]}]},{\"@type\":\"WebSite\",\"@id\":\"https:\\\/\\\/www.kumm-discgolf.at\\\/#website\",\"url\":\"https:\\\/\\\/www.kumm-discgolf.at\\\/\",\"name\":\"KUMM Discgolf\",\"description\":\"Komm und mach mit! - Jetzt wieder f\u00fcr alle ge\u00f6ffnet!\",\"publisher\":{\"@id\":\"https:\\\/\\\/www.kumm-discgolf.at\\\/#organization\"},\"potentialAction\":[{\"@type\":\"SearchAction\",\"target\":{\"@type\":\"EntryPoint\",\"urlTemplate\":\"https:\\\/\\\/www.kumm-discgolf.at\\\/?s={search_term_string}\"},\"query-input\":{\"@type\":\"PropertyValueSpecification\",\"valueRequired\":true,\"valueName\":\"search_term_string\"}}],\"inLanguage\":\"de\"},{\"@type\":\"Organization\",\"@id\":\"https:\\\/\\\/www.kumm-discgolf.at\\\/#organization\",\"name\":\"KUMM Discgolf\",\"url\":\"https:\\\/\\\/www.kumm-discgolf.at\\\/\",\"logo\":{\"@type\":\"ImageObject\",\"inLanguage\":\"de\",\"@id\":\"https:\\\/\\\/www.kumm-discgolf.at\\\/#\\\/schema\\\/logo\\\/image\\\/\",\"url\":\"https:\\\/\\\/www.kumm-discgolf.at\\\/wp-content\\\/uploads\\\/2013\\\/02\\\/cropped-image1.jpeg\",\"contentUrl\":\"https:\\\/\\\/www.kumm-discgolf.at\\\/wp-content\\\/uploads\\\/2013\\\/02\\\/cropped-image1.jpeg\",\"width\":500,\"height\":466,\"caption\":\"KUMM Discgolf\"},\"image\":{\"@id\":\"https:\\\/\\\/www.kumm-discgolf.at\\\/#\\\/schema\\\/logo\\\/image\\\/\"},\"sameAs\":[\"https:\\\/\\\/www.facebook.com\\\/KummDiscgolf\\\/\"]}]}<\/script>\n<!-- \/ Yoast SEO plugin. -->","yoast_head_json":{"title":"\u00d6ffnungszeiten und Preise - KUMM Discgolf","robots":{"index":"index","follow":"follow","max-snippet":"max-snippet:-1","max-image-preview":"max-image-preview:large","max-video-preview":"max-video-preview:-1"},"canonical":"https:\/\/www.kumm-discgolf.at\/?page_id=19","og_locale":"de_DE","og_type":"article","og_title":"\u00d6ffnungszeiten und Preise - KUMM Discgolf","og_description":"Ge\u00f6ffnet von April bis Oktober Freitag bis Sonntag und an Feiertagen von 9:00 bis 17:00 Uhr \u00a0Preise: Tagesgeb\u00fchr f\u00fcr Parcoursben\u00fctzung \u20ac 10,00 inkl. Leihscheibe\u00a0 \u20ac\u00a0 12,00. Sch\u00fcler bis 16 Jahre\u00a0\u20ac 5,00. Gruppentarif (ab 5 Personen) Parcours + Leihscheibe\u00a0\u00a0 \u00a0\u20ac\u00a0 10,00 &hellip; Weiterlesen &rarr;","og_url":"https:\/\/www.kumm-discgolf.at\/?page_id=19","og_site_name":"KUMM Discgolf","article_publisher":"https:\/\/www.facebook.com\/KummDiscgolf\/","article_modified_time":"2026-01-17T20:22:19+00:00","twitter_card":"summary_large_image","twitter_misc":{"Gesch\u00e4tzte Lesezeit":"1\u00a0Minute"},"schema":{"@context":"https:\/\/schema.org","@graph":[{"@type":"WebPage","@id":"https:\/\/www.kumm-discgolf.at\/?page_id=19","url":"https:\/\/www.kumm-discgolf.at\/?page_id=19","name":"\u00d6ffnungszeiten und Preise - KUMM Discgolf","isPartOf":{"@id":"https:\/\/www.kumm-discgolf.at\/#website"},"datePublished":"2012-06-24T20:28:52+00:00","dateModified":"2026-01-17T20:22:19+00:00","inLanguage":"de","potentialAction":[{"@type":"ReadAction","target":["https:\/\/www.kumm-discgolf.at\/?page_id=19"]}]},{"@type":"WebSite","@id":"https:\/\/www.kumm-discgolf.at\/#website","url":"https:\/\/www.kumm-discgolf.at\/","name":"KUMM Discgolf","description":"Komm und mach mit! - Jetzt wieder f\u00fcr alle ge\u00f6ffnet!","publisher":{"@id":"https:\/\/www.kumm-discgolf.at\/#organization"},"potentialAction":[{"@type":"SearchAction","target":{"@type":"EntryPoint","urlTemplate":"https:\/\/www.kumm-discgolf.at\/?s={search_term_string}"},"query-input":{"@type":"PropertyValueSpecification","valueRequired":true,"valueName":"search_term_string"}}],"inLanguage":"de"},{"@type":"Organization","@id":"https:\/\/www.kumm-discgolf.at\/#organization","name":"KUMM Discgolf","url":"https:\/\/www.kumm-discgolf.at\/","logo":{"@type":"ImageObject","inLanguage":"de","@id":"https:\/\/www.kumm-discgolf.at\/#\/schema\/logo\/image\/","url":"https:\/\/www.kumm-discgolf.at\/wp-content\/uploads\/2013\/02\/cropped-image1.jpeg","contentUrl":"https:\/\/www.kumm-discgolf.at\/wp-content\/uploads\/2013\/02\/cropped-image1.jpeg","width":500,"height":466,"caption":"KUMM Discgolf"},"image":{"@id":"https:\/\/www.kumm-discgolf.at\/#\/schema\/logo\/image\/"},"sameAs":["https:\/\/www.facebook.com\/KummDiscgolf\/"]}]}},"_links":{"self":[{"href":"https:\/\/www.kumm-discgolf.at\/index.php?rest_route=\/wp\/v2\/pages\/19","targetHints":{"allow":["GET"]}}],"collection":[{"href":"https:\/\/www.kumm-discgolf.at\/index.php?rest_route=\/wp\/v2\/pages"}],"about":[{"href":"https:\/\/www.kumm-discgolf.at\/index.php?rest_route=\/wp\/v2\/types\/page"}],"author":[{"embeddable":true,"href":"https:\/\/www.kumm-discgolf.at\/index.php?rest_route=\/wp\/v2\/users\/1"}],"replies":[{"embeddable":true,"href":"https:\/\/www.kumm-discgolf.at\/index.php?rest_route=%2Fwp%2Fv2%2Fcomments&post=19"}],"version-history":[{"count":39,"href":"https:\/\/www.kumm-discgolf.at\/index.php?rest_route=\/wp\/v2\/pages\/19\/revisions"}],"predecessor-version":[{"id":2983,"href":"https:\/\/www.kumm-discgolf.at\/index.php?rest_route=\/wp\/v2\/pages\/19\/revisions\/2983"}],"wp:attachment":[{"href":"https:\/\/www.kumm-discgolf.at\/index.php?rest_route=%2Fwp%2Fv2%2Fmedia&parent=19"}],"curies":[{"name":"wp","href":"https:\/\/api.w.org\/{rel}","templated":true}]}}