{"id":2,"date":"2012-06-04T10:00:15","date_gmt":"2012-06-04T10:00:15","guid":{"rendered":"http:\/\/cherubyn.qsig.org\/kummdg\/?page_id=2"},"modified":"2024-01-28T11:23:41","modified_gmt":"2024-01-28T09:23:41","slug":"komm-und-mach-mit","status":"publish","type":"page","link":"https:\/\/www.kumm-discgolf.at\/?page_id=2","title":{"rendered":"Parcours"},"content":{"rendered":"<p>Der\u00a0<strong>KUMM Discgolf Parcours<\/strong>\u00a0ist einer der sch\u00f6nsten Pl\u00e4tze der Welt auf dem man Discgolf spielen kann.<\/p>\r\n<p>Die 18 Bahnen sind zwischen 45 und 200 Meter lang und sind in zwei Schleifen zu je 9 Bahnen auf einer Fl\u00e4che von etwa 12 Hektar verteilt. Das Design des Parcours ist in die einzigartige Landschaft zwischen Wald, Wiese und riesigen Granitfelsbl\u00f6cken eingebettet.<\/p>\r\n<p>Der Parcours ist ganzj\u00e4hrig bespielbar und befindet sich etwa vier Kilometer westlich des Ortzentrums von St. Thomas auf der Liegenschaft des\u00a0Holzbildhauers\u00a0Karl Buchberger. Die 18 Bahnen bilden gleichzeitig ein Freiluftatelier f\u00fcr den K\u00fcnstler, der beeindruckende Holzskulpturen mit seiner\u00a0Kettens\u00e4ge\u00a0herstellt.<\/p>\r\n<p>Die Anlage befindet sich in der\u00a0Marktgemeinde\u00a0St. Thomas am Blasenstein\u00a0im\u00a0Bezirk Perg\u00a0in der\u00a0Region Strudengau.\u00a0Die Sportst\u00e4tte ist f\u00fcr die Durchf\u00fchrung nationaler und internationaler Turniere ausgelegt und wurde als\u00a0LEADER-Projekt der Region Strudengau mit EU-Geldern gef\u00f6rdert.<\/p>\r\n<p>18 Bahnen ziehen sich rund um den Hof. Die gelben Pfeile markieren die erste Runde von 9 Holes. Die roten Pfeilen beschreiben die Bahnen 10-18 f\u00fcr die Mutigen und Fortgeschrittenen. Klicke auf das Bild f\u00fcr eine gr\u00f6\u00dfere Ansicht.<br \/><a href=\"http:\/\/www.kumm-discgolf.at\/wp-content\/uploads\/2012\/06\/Parcours_Kumm_2013_small_v3.jpg\"><img loading=\"lazy\" decoding=\"async\" class=\"aligncenter size-full wp-image-287\" src=\"http:\/\/www.kumm-discgolf.at\/wp-content\/uploads\/2012\/06\/Parcours_Kumm_2013_small_v3.jpg\" alt=\"Parcours_Kumm_2013_small_v3\" width=\"1040\" height=\"794\" srcset=\"https:\/\/www.kumm-discgolf.at\/wp-content\/uploads\/2012\/06\/Parcours_Kumm_2013_small_v3.jpg 1040w, https:\/\/www.kumm-discgolf.at\/wp-content\/uploads\/2012\/06\/Parcours_Kumm_2013_small_v3-300x229.jpg 300w, https:\/\/www.kumm-discgolf.at\/wp-content\/uploads\/2012\/06\/Parcours_Kumm_2013_small_v3-1024x781.jpg 1024w, https:\/\/www.kumm-discgolf.at\/wp-content\/uploads\/2012\/06\/Parcours_Kumm_2013_small_v3-392x300.jpg 392w\" sizes=\"auto, (max-width: 1040px) 100vw, 1040px\" \/><\/a><br \/>Hier ein hochaufl\u00f6sendes .pdf des Parcours f\u00fcr den Download und zum selber ausdrucken:\u00a0<a href=\"http:\/\/www.kumm-discgolf.at\/wp-content\/uploads\/2012\/06\/Parcours_Kumm_2013_small_v3.pdf\" target=\"_blank\" rel=\"noopener\">Parcours_Kumm_2013_small_v3<\/a><\/p>\r\n\r\n<figure class=\"wp-block-embed-youtube wp-block-embed is-type-video is-provider-youtube\">https:\/\/www.youtube.com\/watch?v=_W1jAQaXNeA\r\n<figcaption>Preopening 2011<\/figcaption>\r\n<\/figure>\r\n\r\n\r\n\r\n<figure class=\"wp-block-embed-youtube wp-block-embed is-type-video is-provider-youtube\">https:\/\/www.youtube.com\/watch?v=6jD01VbJ4Vw\r\n<figcaption>Strudengau Open 2013<\/figcaption>\r\n<\/figure>\r\n","protected":false},"excerpt":{"rendered":"<p>Der\u00a0KUMM Discgolf Parcours\u00a0ist einer der sch\u00f6nsten Pl\u00e4tze der Welt auf dem man Discgolf spielen kann. Die 18 Bahnen sind zwischen 45 und 200 Meter lang und sind in zwei Schleifen zu je 9 Bahnen auf einer Fl\u00e4che von etwa 12 &hellip; <a href=\"https:\/\/www.kumm-discgolf.at\/?page_id=2\">Weiterlesen <span class=\"meta-nav\">&rarr;<\/span><\/a><\/p>\n","protected":false},"author":1,"featured_media":0,"parent":0,"menu_order":2,"comment_status":"closed","ping_status":"closed","template":"","meta":{"footnotes":""},"class_list":["post-2","page","type-page","status-publish","hentry"],"yoast_head":"<!-- This site is optimized with the Yoast SEO plugin v27.5 - https:\/\/yoast.com\/product\/yoast-seo-wordpress\/ -->\n<title>Parcours - KUMM Discgolf<\/title>\n<meta name=\"robots\" content=\"index, follow, max-snippet:-1, max-image-preview:large, max-video-preview:-1\" \/>\n<link rel=\"canonical\" href=\"https:\/\/www.kumm-discgolf.at\/?page_id=2\" \/>\n<meta property=\"og:locale\" content=\"de_DE\" \/>\n<meta property=\"og:type\" content=\"article\" \/>\n<meta property=\"og:title\" content=\"Parcours - KUMM Discgolf\" \/>\n<meta property=\"og:description\" content=\"Der\u00a0KUMM Discgolf Parcours\u00a0ist einer der sch\u00f6nsten Pl\u00e4tze der Welt auf dem man Discgolf spielen kann. Die 18 Bahnen sind zwischen 45 und 200 Meter lang und sind in zwei Schleifen zu je 9 Bahnen auf einer Fl\u00e4che von etwa 12 &hellip; Weiterlesen &rarr;\" \/>\n<meta property=\"og:url\" content=\"https:\/\/www.kumm-discgolf.at\/?page_id=2\" \/>\n<meta property=\"og:site_name\" content=\"KUMM Discgolf\" \/>\n<meta property=\"article:publisher\" content=\"https:\/\/www.facebook.com\/KummDiscgolf\/\" \/>\n<meta property=\"article:modified_time\" content=\"2024-01-28T09:23:41+00:00\" \/>\n<meta property=\"og:image\" content=\"http:\/\/www.kumm-discgolf.at\/wp-content\/uploads\/2012\/06\/Parcours_Kumm_2013_small_v3.jpg\" \/>\n<meta name=\"twitter:card\" content=\"summary_large_image\" \/>\n<meta name=\"twitter:label1\" content=\"Gesch\u00e4tzte Lesezeit\" \/>\n\t<meta name=\"twitter:data1\" content=\"2\u00a0Minuten\" \/>\n<script type=\"application\/ld+json\" class=\"yoast-schema-graph\">{\"@context\":\"https:\\\/\\\/schema.org\",\"@graph\":[{\"@type\":\"WebPage\",\"@id\":\"https:\\\/\\\/www.kumm-discgolf.at\\\/?page_id=2\",\"url\":\"https:\\\/\\\/www.kumm-discgolf.at\\\/?page_id=2\",\"name\":\"Parcours - KUMM Discgolf\",\"isPartOf\":{\"@id\":\"https:\\\/\\\/www.kumm-discgolf.at\\\/#website\"},\"primaryImageOfPage\":{\"@id\":\"https:\\\/\\\/www.kumm-discgolf.at\\\/?page_id=2#primaryimage\"},\"image\":{\"@id\":\"https:\\\/\\\/www.kumm-discgolf.at\\\/?page_id=2#primaryimage\"},\"thumbnailUrl\":\"http:\\\/\\\/www.kumm-discgolf.at\\\/wp-content\\\/uploads\\\/2012\\\/06\\\/Parcours_Kumm_2013_small_v3.jpg\",\"datePublished\":\"2012-06-04T10:00:15+00:00\",\"dateModified\":\"2024-01-28T09:23:41+00:00\",\"inLanguage\":\"de\",\"potentialAction\":[{\"@type\":\"ReadAction\",\"target\":[\"https:\\\/\\\/www.kumm-discgolf.at\\\/?page_id=2\"]}]},{\"@type\":\"ImageObject\",\"inLanguage\":\"de\",\"@id\":\"https:\\\/\\\/www.kumm-discgolf.at\\\/?page_id=2#primaryimage\",\"url\":\"http:\\\/\\\/www.kumm-discgolf.at\\\/wp-content\\\/uploads\\\/2012\\\/06\\\/Parcours_Kumm_2013_small_v3.jpg\",\"contentUrl\":\"http:\\\/\\\/www.kumm-discgolf.at\\\/wp-content\\\/uploads\\\/2012\\\/06\\\/Parcours_Kumm_2013_small_v3.jpg\"},{\"@type\":\"WebSite\",\"@id\":\"https:\\\/\\\/www.kumm-discgolf.at\\\/#website\",\"url\":\"https:\\\/\\\/www.kumm-discgolf.at\\\/\",\"name\":\"KUMM Discgolf\",\"description\":\"Komm und mach mit! - Jetzt wieder f\u00fcr alle ge\u00f6ffnet!\",\"publisher\":{\"@id\":\"https:\\\/\\\/www.kumm-discgolf.at\\\/#organization\"},\"potentialAction\":[{\"@type\":\"SearchAction\",\"target\":{\"@type\":\"EntryPoint\",\"urlTemplate\":\"https:\\\/\\\/www.kumm-discgolf.at\\\/?s={search_term_string}\"},\"query-input\":{\"@type\":\"PropertyValueSpecification\",\"valueRequired\":true,\"valueName\":\"search_term_string\"}}],\"inLanguage\":\"de\"},{\"@type\":\"Organization\",\"@id\":\"https:\\\/\\\/www.kumm-discgolf.at\\\/#organization\",\"name\":\"KUMM Discgolf\",\"url\":\"https:\\\/\\\/www.kumm-discgolf.at\\\/\",\"logo\":{\"@type\":\"ImageObject\",\"inLanguage\":\"de\",\"@id\":\"https:\\\/\\\/www.kumm-discgolf.at\\\/#\\\/schema\\\/logo\\\/image\\\/\",\"url\":\"https:\\\/\\\/www.kumm-discgolf.at\\\/wp-content\\\/uploads\\\/2013\\\/02\\\/cropped-image1.jpeg\",\"contentUrl\":\"https:\\\/\\\/www.kumm-discgolf.at\\\/wp-content\\\/uploads\\\/2013\\\/02\\\/cropped-image1.jpeg\",\"width\":500,\"height\":466,\"caption\":\"KUMM Discgolf\"},\"image\":{\"@id\":\"https:\\\/\\\/www.kumm-discgolf.at\\\/#\\\/schema\\\/logo\\\/image\\\/\"},\"sameAs\":[\"https:\\\/\\\/www.facebook.com\\\/KummDiscgolf\\\/\"]}]}<\/script>\n<!-- \/ Yoast SEO plugin. -->","yoast_head_json":{"title":"Parcours - KUMM Discgolf","robots":{"index":"index","follow":"follow","max-snippet":"max-snippet:-1","max-image-preview":"max-image-preview:large","max-video-preview":"max-video-preview:-1"},"canonical":"https:\/\/www.kumm-discgolf.at\/?page_id=2","og_locale":"de_DE","og_type":"article","og_title":"Parcours - KUMM Discgolf","og_description":"Der\u00a0KUMM Discgolf Parcours\u00a0ist einer der sch\u00f6nsten Pl\u00e4tze der Welt auf dem man Discgolf spielen kann. Die 18 Bahnen sind zwischen 45 und 200 Meter lang und sind in zwei Schleifen zu je 9 Bahnen auf einer Fl\u00e4che von etwa 12 &hellip; Weiterlesen &rarr;","og_url":"https:\/\/www.kumm-discgolf.at\/?page_id=2","og_site_name":"KUMM Discgolf","article_publisher":"https:\/\/www.facebook.com\/KummDiscgolf\/","article_modified_time":"2024-01-28T09:23:41+00:00","og_image":[{"url":"http:\/\/www.kumm-discgolf.at\/wp-content\/uploads\/2012\/06\/Parcours_Kumm_2013_small_v3.jpg","type":"","width":"","height":""}],"twitter_card":"summary_large_image","twitter_misc":{"Gesch\u00e4tzte Lesezeit":"2\u00a0Minuten"},"schema":{"@context":"https:\/\/schema.org","@graph":[{"@type":"WebPage","@id":"https:\/\/www.kumm-discgolf.at\/?page_id=2","url":"https:\/\/www.kumm-discgolf.at\/?page_id=2","name":"Parcours - KUMM Discgolf","isPartOf":{"@id":"https:\/\/www.kumm-discgolf.at\/#website"},"primaryImageOfPage":{"@id":"https:\/\/www.kumm-discgolf.at\/?page_id=2#primaryimage"},"image":{"@id":"https:\/\/www.kumm-discgolf.at\/?page_id=2#primaryimage"},"thumbnailUrl":"http:\/\/www.kumm-discgolf.at\/wp-content\/uploads\/2012\/06\/Parcours_Kumm_2013_small_v3.jpg","datePublished":"2012-06-04T10:00:15+00:00","dateModified":"2024-01-28T09:23:41+00:00","inLanguage":"de","potentialAction":[{"@type":"ReadAction","target":["https:\/\/www.kumm-discgolf.at\/?page_id=2"]}]},{"@type":"ImageObject","inLanguage":"de","@id":"https:\/\/www.kumm-discgolf.at\/?page_id=2#primaryimage","url":"http:\/\/www.kumm-discgolf.at\/wp-content\/uploads\/2012\/06\/Parcours_Kumm_2013_small_v3.jpg","contentUrl":"http:\/\/www.kumm-discgolf.at\/wp-content\/uploads\/2012\/06\/Parcours_Kumm_2013_small_v3.jpg"},{"@type":"WebSite","@id":"https:\/\/www.kumm-discgolf.at\/#website","url":"https:\/\/www.kumm-discgolf.at\/","name":"KUMM Discgolf","description":"Komm und mach mit! - Jetzt wieder f\u00fcr alle ge\u00f6ffnet!","publisher":{"@id":"https:\/\/www.kumm-discgolf.at\/#organization"},"potentialAction":[{"@type":"SearchAction","target":{"@type":"EntryPoint","urlTemplate":"https:\/\/www.kumm-discgolf.at\/?s={search_term_string}"},"query-input":{"@type":"PropertyValueSpecification","valueRequired":true,"valueName":"search_term_string"}}],"inLanguage":"de"},{"@type":"Organization","@id":"https:\/\/www.kumm-discgolf.at\/#organization","name":"KUMM Discgolf","url":"https:\/\/www.kumm-discgolf.at\/","logo":{"@type":"ImageObject","inLanguage":"de","@id":"https:\/\/www.kumm-discgolf.at\/#\/schema\/logo\/image\/","url":"https:\/\/www.kumm-discgolf.at\/wp-content\/uploads\/2013\/02\/cropped-image1.jpeg","contentUrl":"https:\/\/www.kumm-discgolf.at\/wp-content\/uploads\/2013\/02\/cropped-image1.jpeg","width":500,"height":466,"caption":"KUMM Discgolf"},"image":{"@id":"https:\/\/www.kumm-discgolf.at\/#\/schema\/logo\/image\/"},"sameAs":["https:\/\/www.facebook.com\/KummDiscgolf\/"]}]}},"_links":{"self":[{"href":"https:\/\/www.kumm-discgolf.at\/index.php?rest_route=\/wp\/v2\/pages\/2","targetHints":{"allow":["GET"]}}],"collection":[{"href":"https:\/\/www.kumm-discgolf.at\/index.php?rest_route=\/wp\/v2\/pages"}],"about":[{"href":"https:\/\/www.kumm-discgolf.at\/index.php?rest_route=\/wp\/v2\/types\/page"}],"author":[{"embeddable":true,"href":"https:\/\/www.kumm-discgolf.at\/index.php?rest_route=\/wp\/v2\/users\/1"}],"replies":[{"embeddable":true,"href":"https:\/\/www.kumm-discgolf.at\/index.php?rest_route=%2Fwp%2Fv2%2Fcomments&post=2"}],"version-history":[{"count":54,"href":"https:\/\/www.kumm-discgolf.at\/index.php?rest_route=\/wp\/v2\/pages\/2\/revisions"}],"predecessor-version":[{"id":2776,"href":"https:\/\/www.kumm-discgolf.at\/index.php?rest_route=\/wp\/v2\/pages\/2\/revisions\/2776"}],"wp:attachment":[{"href":"https:\/\/www.kumm-discgolf.at\/index.php?rest_route=%2Fwp%2Fv2%2Fmedia&parent=2"}],"curies":[{"name":"wp","href":"https:\/\/api.w.org\/{rel}","templated":true}]}}