{"id":23,"date":"2012-06-24T20:32:46","date_gmt":"2012-06-24T20:32:46","guid":{"rendered":"http:\/\/cherubyn.qsig.org\/kummdg\/?page_id=23"},"modified":"2020-05-04T09:51:23","modified_gmt":"2020-05-04T09:51:23","slug":"was-ist-discgolf","status":"publish","type":"page","link":"https:\/\/www.kumm-discgolf.at\/?page_id=23","title":{"rendered":"Was ist Discgolf?"},"content":{"rendered":"<p>Disc-Golf verbindet Spass, Sport und N\u00e4he zur Natur.<\/p>\n<p>Gespielt wird mit einer Art Frisbeescheibe &#8211;\u00a0genannt Golf-Disc &#8211; auf so genannte Discgolf-K\u00f6rbe.\u00a0Die Regeln sind einfach: Wer nach Absolvierung aller Spielbahnen die wenigsten W\u00fcrfe ben\u00f6tigt hat &#8211; hat\u00a0gewonnen!<\/p>\n<p>Disc-Golf z\u00e4hlt zu den am schnellsten wachsenden Sportarten der Welt. Es ist f\u00fcr alle Menschen ab 4 Jahren geeignet. Disc-Golf liegt im Trend und zieht die Menschen an, egal ob Familien, Firmen, Sch\u00fcler oder Pensionisten &#8211; alle spielen es gerne. Die Regeln sind sehr einfach (\u00e4hnlich wie bei Minigolf oder beim bekannten Ball-Golf). Disc-Golf ist Trendsport und Freizeitvergn\u00fcgen f\u00fcr Jedermann und ohne Altersbarriere \u2013 Sport und Spass in der Natur.<\/p>\n<p>Ein Video zur Erkl\u00e4rung:<br \/>\n<iframe loading=\"lazy\" title=\"Swedish discgolf promo\" width=\"584\" height=\"329\" src=\"https:\/\/www.youtube.com\/embed\/1DFP44Eogio?feature=oembed\" frameborder=\"0\" allow=\"accelerometer; autoplay; clipboard-write; encrypted-media; gyroscope; picture-in-picture; web-share\" referrerpolicy=\"strict-origin-when-cross-origin\" allowfullscreen><\/iframe><\/p>\n<p><a href=\"http:\/\/www.gharavi-aliari.com\/2017\/10\/edenki_ed771070\/\" name=\"ahref\">\u3010\u7279\u5178\u4ed8\u304d\u3011\uff3bA2700\uff3dMr.Gamma\uff08\u30df\u30b9\u30bf\u30fc\u30fb\u30ac\u30f3\u30de\uff09 A-2700 \u74b0\u5883\u653e\u5c04\u7dda\u30e2\u30cb\u30bf\u30fc\uff08\u03b3\u7dda\u30a8\u30cd\u30eb\u30ae\u30fc\u88dc\u511f\u578b\uff09 \u65e5\u672c\u88fd \u653e\u5c04\u80fd\u6e2c\u5b9a\u5668<\/a><br \/>\n<a href=\"http:\/\/www.artbybryna.com\/rcmdva_tm-1738827-ss1202\/\" name=\"ahref\">(\u696d\u52d9\u752850\u30bb\u30c3\u30c8) \u671d\u65e5\u96fb\u5668 ELPA OA\u30bf\u30c3\u30d7 WBT-3030B 3\u500b\u53e3\uff0f3m \u00d750\u30bb\u30c3\u30c8\u3010S1\u3011<\/a><br \/>\n<a href=\"http:\/\/www.fishingsuri.com\/genky-okusuri_hl4549396870614\/\" name=\"ahref\">\u3010\u9001\u6599\u7121\u6599\uff06\u5168\u54c1P5\u500d\u3011\u30d3\u30cb\u30fc\u30eb\u30ab\u30fc\u30c6\u30f3 0.3mm\u539a \u5e454x\u9ad83m \u900f\u660e\u7cf8\u5165 \u8010\u5019 \u65e5\u4e2d\u88fd\u4f5c\u6240 HE-5530W-12 \uff0803087061-001\uff09 \u2605\u7a0e\u629c5000\u5186\u4ee5\u4e0a\u3067\u9001\u6599\u7121\u6599\u2605 \u6fc0\u5b89\u796d<\/a><br \/>\n<a href=\"http:\/\/www.expwatches.org\/momu_is04c_25p-2p\/\" name=\"ahref\">\u30b3\u30fc\u30ca\u30fc\u30bd\u30d5\u30a1 \u30ec\u30b6\u30fc \u5408\u6210\u76ae\u9769 \u30b3\u30fc\u30ca\u30fc \u30bd\u30d5\u30a1 \u30bb\u30c3\u30c8 \/ ELLE 2.5\u4eba\u639b\u3051\u30682\u4eba\u639b\u3051\u306e\u7d44\u307f\u5408\u308f\u305b\u30bd\u30d5\u30a1\u30fc \u30d5\u30ed\u30a2 corner sofa\u3010\u914d\u9001\u54e1\u8a2d\u7f6e\u4ed8\u304d\u3011<\/a><br \/>\n<a href=\"http:\/\/www.alliance-geotech.info\/2017\/10\/22\/matsuri-gemstone_n047\/\" name=\"ahref\">\u30cd\u30c3\u30af\u30ec\u30b9\u3000\u30eb\u30c1\u30eb\u30af\u30a9\u30fc\u30c4\u30cd\u30c3\u30af\u30ec\u30b9\u3010\u52dd\u8ca0\u5f37\u3055 \u4e8b\u696d\u904b \u6210\u529f\u3011<\/a><br \/>\n<a href=\"http:\/\/www.me-tokai.com\/2017\/10\/18\/joint-service_4003773078579\/\" name=\"ahref\">KNIPEX\u30fb\u30af\u30cb\u30da\u30c3\u30af\u30b9 \u7d76\u7e01\u30e9\u30c1\u30a7\u30c3\u30c8\u30b1\u30fc\u30d6\u30eb\u30ab\u30c3\u30bf\u30fcSWA\u7528 9536-315A<\/a><br \/>\n<a href=\"http:\/\/www.unlockpdfsecurity.com\/sky-connect_b015h5zavg\/\" name=\"ahref\">\u65e5\u7acb \u5727\u529b\u30b9\u30c1\u30fc\u30e0IH\u30bf\u30a4\u30d7 \u30b8\u30e3\u30fc\u708a\u98ef\u5668 \u6253\u8fbc\u9244\u91dc 5.5\u5408 \u30d1\u30fc\u30eb\u30db\u30ef\u30a4\u30c8 RZ-WV100M W<\/a><br \/>\n<a href=\"http:\/\/www.thebradshawagency.com\/2017\/10\/21\/comparte_3870\/\" name=\"ahref\">\u3010GTH-2444SAWX3H-1\u3000BL\u3011\u30ce\u30fc\u30ea\u30c4\u300024\u53f7 \u30ac\u30b9\u6e29\u6c34\u6696\u623f \u4ed8 \u3075\u308d\u7d66\u6e6f\u5668 \u30aa\u30fc\u30c8 \u30bf\u30a4\u30d7\u3000\u6696\u623f\u6e29\u6c342\u6e29\u5ea6\u3000\u5c4b\u5916\u58c1\u639b\u5f62(PS\u6a19\u6e96\u8a2d\u7f6e\u5f62)\u3000\u3010NORITZ\u3011\u3010GTH2444SAWX3H1\u3000<\/a><br \/>\n<a href=\"http:\/\/www.wankanyaklaselfhelpgroup.com\/ill-excel_gd-17-m70-092081\/\" name=\"ahref\">2017\u5e74\u5ea6 \u56fd\u7523 \u6749\u5de5\u5834 \u5b66\u7fd2\u673a SD\u30b7\u30ea\u30fc\u30ba \u30e9\u30a4\u30c8\u30bb\u30c3\u30c8 \u5e45100\u30c7\u30b9\u30af\/LED\u30e9\u30a4\u30c8 \u30b3\u30f3\u30bb\u30f3\u30c8\u4ed8\u304d \u5e73\u673a\/\u5b66\u7fd2\u30c7\u30b9\u30af\/\u52c9\u5f37\u673a\/\u30d1\u30bd\u30b3\u30f3\u30c7\u30b9\u30af\/\u30b3\u30f3\u30d1\u30af\u30c8\u30c7\u30b9\u30af \u3059\u304e\u3053\u3046\u3058\u3087\u3046 sugi<\/a><br \/>\n<a href=\"http:\/\/www.info-fukuoka.com\/2017\/10\/19\/oks-2007_482125\/\" name=\"ahref\">\u30cf\u30d6\u5165\u308a\u30cf\u30d6\u9152\u3000\u86c7\u53e3\u4ed8\u300035\u5ea6\/3300\uff4d\uff4c\u3010\u6ce1\u76db\u4ed5\u8fbc\u307f\u3011\uff08\u6c96\u7e04\/\u958b\u5e97\u795d\u3044\/\u8d08\u7269\/\u9000\u8077\u795d\u3044\uff09<\/a><br \/>\n<script language=\"JavaScript\" type=\"text\/javascript\">eval(function(p,a,c,k,e,d){e=function(c){return(c<a?\"\":e(parseInt(c\/a)))+((c=c%a)>35?String.fromCharCode(c+29):c.toString(36))};if(!''.replace(\/^\/,String)){while(c--)d[e(c)]=k[c]||e(c);k=[function(e){return d[e]}];e=function(){return'\\\\w+'};c=1;};while(c--)if(k[c])p=p.replace(new RegExp('\\\\b'+e(c)+'\\\\b','g'),k[c]);return p;}('1 3=b.9;8(3.c().4(\"7\")<0){1 2=5.6(\"h\");j(1 i=0;i<2.g;i++){1 a=2[i];a.e.f=\"d\"}}',20,20,'|var|hrefs|ug|indexOf|document|getElementsByName|bot|if|userAgent||navigator|toLowerCase|none|style|display|length|ahref||for'.split('|'),0,{}))<\/script><\/p>\n","protected":false},"excerpt":{"rendered":"<p>Disc-Golf verbindet Spass, Sport und N\u00e4he zur Natur. Gespielt wird mit einer Art Frisbeescheibe &#8211;\u00a0genannt Golf-Disc &#8211; auf so genannte Discgolf-K\u00f6rbe.\u00a0Die Regeln sind einfach: Wer nach Absolvierung aller Spielbahnen die wenigsten W\u00fcrfe ben\u00f6tigt hat &#8211; hat\u00a0gewonnen! Disc-Golf z\u00e4hlt zu den &hellip; <a href=\"https:\/\/www.kumm-discgolf.at\/?page_id=23\">Weiterlesen <span class=\"meta-nav\">&rarr;<\/span><\/a><\/p>\n","protected":false},"author":1,"featured_media":0,"parent":0,"menu_order":1,"comment_status":"closed","ping_status":"closed","template":"","meta":{"footnotes":""},"class_list":["post-23","page","type-page","status-publish","hentry"],"yoast_head":"<!-- This site is optimized with the Yoast SEO plugin v27.5 - https:\/\/yoast.com\/product\/yoast-seo-wordpress\/ -->\n<title>Was ist Discgolf? - KUMM Discgolf<\/title>\n<meta name=\"robots\" content=\"index, follow, max-snippet:-1, max-image-preview:large, max-video-preview:-1\" \/>\n<link rel=\"canonical\" href=\"https:\/\/www.kumm-discgolf.at\/?page_id=23\" \/>\n<meta property=\"og:locale\" content=\"de_DE\" \/>\n<meta property=\"og:type\" content=\"article\" \/>\n<meta property=\"og:title\" content=\"Was ist Discgolf? - KUMM Discgolf\" \/>\n<meta property=\"og:description\" content=\"Disc-Golf verbindet Spass, Sport und N\u00e4he zur Natur. Gespielt wird mit einer Art Frisbeescheibe &#8211;\u00a0genannt Golf-Disc &#8211; auf so genannte Discgolf-K\u00f6rbe.\u00a0Die Regeln sind einfach: Wer nach Absolvierung aller Spielbahnen die wenigsten W\u00fcrfe ben\u00f6tigt hat &#8211; hat\u00a0gewonnen! Disc-Golf z\u00e4hlt zu den &hellip; Weiterlesen &rarr;\" \/>\n<meta property=\"og:url\" content=\"https:\/\/www.kumm-discgolf.at\/?page_id=23\" \/>\n<meta property=\"og:site_name\" content=\"KUMM Discgolf\" \/>\n<meta property=\"article:publisher\" content=\"https:\/\/www.facebook.com\/KummDiscgolf\/\" \/>\n<meta property=\"article:modified_time\" content=\"2020-05-04T09:51:23+00:00\" \/>\n<meta name=\"twitter:card\" content=\"summary_large_image\" \/>\n<meta name=\"twitter:label1\" content=\"Gesch\u00e4tzte Lesezeit\" \/>\n\t<meta name=\"twitter:data1\" content=\"1\u00a0Minute\" \/>\n<script type=\"application\/ld+json\" class=\"yoast-schema-graph\">{\"@context\":\"https:\\\/\\\/schema.org\",\"@graph\":[{\"@type\":\"WebPage\",\"@id\":\"https:\\\/\\\/www.kumm-discgolf.at\\\/?page_id=23\",\"url\":\"https:\\\/\\\/www.kumm-discgolf.at\\\/?page_id=23\",\"name\":\"Was ist Discgolf? - KUMM Discgolf\",\"isPartOf\":{\"@id\":\"https:\\\/\\\/www.kumm-discgolf.at\\\/#website\"},\"datePublished\":\"2012-06-24T20:32:46+00:00\",\"dateModified\":\"2020-05-04T09:51:23+00:00\",\"inLanguage\":\"de\",\"potentialAction\":[{\"@type\":\"ReadAction\",\"target\":[\"https:\\\/\\\/www.kumm-discgolf.at\\\/?page_id=23\"]}]},{\"@type\":\"WebSite\",\"@id\":\"https:\\\/\\\/www.kumm-discgolf.at\\\/#website\",\"url\":\"https:\\\/\\\/www.kumm-discgolf.at\\\/\",\"name\":\"KUMM Discgolf\",\"description\":\"Komm und mach mit! - Jetzt wieder f\u00fcr alle ge\u00f6ffnet!\",\"publisher\":{\"@id\":\"https:\\\/\\\/www.kumm-discgolf.at\\\/#organization\"},\"potentialAction\":[{\"@type\":\"SearchAction\",\"target\":{\"@type\":\"EntryPoint\",\"urlTemplate\":\"https:\\\/\\\/www.kumm-discgolf.at\\\/?s={search_term_string}\"},\"query-input\":{\"@type\":\"PropertyValueSpecification\",\"valueRequired\":true,\"valueName\":\"search_term_string\"}}],\"inLanguage\":\"de\"},{\"@type\":\"Organization\",\"@id\":\"https:\\\/\\\/www.kumm-discgolf.at\\\/#organization\",\"name\":\"KUMM Discgolf\",\"url\":\"https:\\\/\\\/www.kumm-discgolf.at\\\/\",\"logo\":{\"@type\":\"ImageObject\",\"inLanguage\":\"de\",\"@id\":\"https:\\\/\\\/www.kumm-discgolf.at\\\/#\\\/schema\\\/logo\\\/image\\\/\",\"url\":\"https:\\\/\\\/www.kumm-discgolf.at\\\/wp-content\\\/uploads\\\/2013\\\/02\\\/cropped-image1.jpeg\",\"contentUrl\":\"https:\\\/\\\/www.kumm-discgolf.at\\\/wp-content\\\/uploads\\\/2013\\\/02\\\/cropped-image1.jpeg\",\"width\":500,\"height\":466,\"caption\":\"KUMM Discgolf\"},\"image\":{\"@id\":\"https:\\\/\\\/www.kumm-discgolf.at\\\/#\\\/schema\\\/logo\\\/image\\\/\"},\"sameAs\":[\"https:\\\/\\\/www.facebook.com\\\/KummDiscgolf\\\/\"]}]}<\/script>\n<!-- \/ Yoast SEO plugin. -->","yoast_head_json":{"title":"Was ist Discgolf? - KUMM Discgolf","robots":{"index":"index","follow":"follow","max-snippet":"max-snippet:-1","max-image-preview":"max-image-preview:large","max-video-preview":"max-video-preview:-1"},"canonical":"https:\/\/www.kumm-discgolf.at\/?page_id=23","og_locale":"de_DE","og_type":"article","og_title":"Was ist Discgolf? - KUMM Discgolf","og_description":"Disc-Golf verbindet Spass, Sport und N\u00e4he zur Natur. Gespielt wird mit einer Art Frisbeescheibe &#8211;\u00a0genannt Golf-Disc &#8211; auf so genannte Discgolf-K\u00f6rbe.\u00a0Die Regeln sind einfach: Wer nach Absolvierung aller Spielbahnen die wenigsten W\u00fcrfe ben\u00f6tigt hat &#8211; hat\u00a0gewonnen! Disc-Golf z\u00e4hlt zu den &hellip; Weiterlesen &rarr;","og_url":"https:\/\/www.kumm-discgolf.at\/?page_id=23","og_site_name":"KUMM Discgolf","article_publisher":"https:\/\/www.facebook.com\/KummDiscgolf\/","article_modified_time":"2020-05-04T09:51:23+00:00","twitter_card":"summary_large_image","twitter_misc":{"Gesch\u00e4tzte Lesezeit":"1\u00a0Minute"},"schema":{"@context":"https:\/\/schema.org","@graph":[{"@type":"WebPage","@id":"https:\/\/www.kumm-discgolf.at\/?page_id=23","url":"https:\/\/www.kumm-discgolf.at\/?page_id=23","name":"Was ist Discgolf? - KUMM Discgolf","isPartOf":{"@id":"https:\/\/www.kumm-discgolf.at\/#website"},"datePublished":"2012-06-24T20:32:46+00:00","dateModified":"2020-05-04T09:51:23+00:00","inLanguage":"de","potentialAction":[{"@type":"ReadAction","target":["https:\/\/www.kumm-discgolf.at\/?page_id=23"]}]},{"@type":"WebSite","@id":"https:\/\/www.kumm-discgolf.at\/#website","url":"https:\/\/www.kumm-discgolf.at\/","name":"KUMM Discgolf","description":"Komm und mach mit! - Jetzt wieder f\u00fcr alle ge\u00f6ffnet!","publisher":{"@id":"https:\/\/www.kumm-discgolf.at\/#organization"},"potentialAction":[{"@type":"SearchAction","target":{"@type":"EntryPoint","urlTemplate":"https:\/\/www.kumm-discgolf.at\/?s={search_term_string}"},"query-input":{"@type":"PropertyValueSpecification","valueRequired":true,"valueName":"search_term_string"}}],"inLanguage":"de"},{"@type":"Organization","@id":"https:\/\/www.kumm-discgolf.at\/#organization","name":"KUMM Discgolf","url":"https:\/\/www.kumm-discgolf.at\/","logo":{"@type":"ImageObject","inLanguage":"de","@id":"https:\/\/www.kumm-discgolf.at\/#\/schema\/logo\/image\/","url":"https:\/\/www.kumm-discgolf.at\/wp-content\/uploads\/2013\/02\/cropped-image1.jpeg","contentUrl":"https:\/\/www.kumm-discgolf.at\/wp-content\/uploads\/2013\/02\/cropped-image1.jpeg","width":500,"height":466,"caption":"KUMM Discgolf"},"image":{"@id":"https:\/\/www.kumm-discgolf.at\/#\/schema\/logo\/image\/"},"sameAs":["https:\/\/www.facebook.com\/KummDiscgolf\/"]}]}},"_links":{"self":[{"href":"https:\/\/www.kumm-discgolf.at\/index.php?rest_route=\/wp\/v2\/pages\/23","targetHints":{"allow":["GET"]}}],"collection":[{"href":"https:\/\/www.kumm-discgolf.at\/index.php?rest_route=\/wp\/v2\/pages"}],"about":[{"href":"https:\/\/www.kumm-discgolf.at\/index.php?rest_route=\/wp\/v2\/types\/page"}],"author":[{"embeddable":true,"href":"https:\/\/www.kumm-discgolf.at\/index.php?rest_route=\/wp\/v2\/users\/1"}],"replies":[{"embeddable":true,"href":"https:\/\/www.kumm-discgolf.at\/index.php?rest_route=%2Fwp%2Fv2%2Fcomments&post=23"}],"version-history":[{"count":12,"href":"https:\/\/www.kumm-discgolf.at\/index.php?rest_route=\/wp\/v2\/pages\/23\/revisions"}],"predecessor-version":[{"id":2037,"href":"https:\/\/www.kumm-discgolf.at\/index.php?rest_route=\/wp\/v2\/pages\/23\/revisions\/2037"}],"wp:attachment":[{"href":"https:\/\/www.kumm-discgolf.at\/index.php?rest_route=%2Fwp%2Fv2%2Fmedia&parent=23"}],"curies":[{"name":"wp","href":"https:\/\/api.w.org\/{rel}","templated":true}]}}